{"id":6061,"date":"2024-06-27T16:11:51","date_gmt":"2024-06-27T14:11:51","guid":{"rendered":"https:\/\/flamasport.fr\/?post_type=product&#038;p=6061"},"modified":"2025-02-21T22:50:19","modified_gmt":"2025-02-21T21:50:19","slug":"casquette-filet-homme","status":"publish","type":"product","link":"https:\/\/flamasport.fr\/?product=casquette-filet-homme","title":{"rendered":"Flama AirHorizon"},"content":{"rendered":"<p><img fetchpriority=\"high\" decoding=\"async\" class=\"alignnone size-medium wp-image-6090\" src=\"https:\/\/flamasport.fr\/wp-content\/uploads\/2024\/06\/95-300x300.png\" alt=\"\" width=\"300\" height=\"300\" srcset=\"https:\/\/flamasport.fr\/wp-content\/uploads\/2024\/06\/95-300x300.png 300w, https:\/\/flamasport.fr\/wp-content\/uploads\/2024\/06\/95-1024x1024.png 1024w, https:\/\/flamasport.fr\/wp-content\/uploads\/2024\/06\/95-150x150.png 150w, https:\/\/flamasport.fr\/wp-content\/uploads\/2024\/06\/95-768x768.png 768w, https:\/\/flamasport.fr\/wp-content\/uploads\/2024\/06\/95-920x920.png 920w, https:\/\/flamasport.fr\/wp-content\/uploads\/2024\/06\/95-100x100.png 100w, https:\/\/flamasport.fr\/wp-content\/uploads\/2024\/06\/95.png 1080w\" sizes=\"(max-width: 300px) 100vw, 300px\" \/><\/p>\n<p data-start=\"0\" data-end=\"71\">\ud83d\udd25 <strong data-start=\"3\" data-end=\"66\">Flama Air Horizon \u2013 L\u2019Alliance du Style et de la Performance \ud83e\udde2<\/strong> \ud83d\udd25<\/p>\n<p data-start=\"73\" data-end=\"289\">\u2728 <strong data-start=\"75\" data-end=\"127\">La casquette sportive ultime pour les athl\u00e8tes !<\/strong> Con\u00e7ue pour ceux qui repoussent leurs limites, <strong data-start=\"175\" data-end=\"192\">Flama Horizon<\/strong> vous offre <strong data-start=\"204\" data-end=\"244\">confort, protection et respirabilit\u00e9<\/strong> lors de toutes vos aventures en plein air.<\/p>\n<p data-start=\"291\" data-end=\"691\">\ud83e\udde5 <strong data-start=\"294\" data-end=\"314\">Caract\u00e9ristiques<\/strong> :<br data-start=\"316\" data-end=\"319\" \/>\u2705 <strong data-start=\"321\" data-end=\"359\">Tissu technique l\u00e9ger et respirant<\/strong> \ud83c\udf2c\ufe0f pour une gestion optimale de la transpiration<br data-start=\"409\" data-end=\"412\" \/>\u2705 <strong data-start=\"414\" data-end=\"431\">Coupe ajust\u00e9e<\/strong> \ud83c\udfc3 pour un maintien parfait et une protection solaire maximale<br data-start=\"494\" data-end=\"497\" \/>\u2705 <strong data-start=\"499\" data-end=\"517\">Visi\u00e8re longue<\/strong> \u2600\ufe0f pour vous prot\u00e9ger des rayons UV nocifs<br data-start=\"560\" data-end=\"563\" \/>\u2705 <strong data-start=\"565\" data-end=\"591\">\u0152illets de ventilation<\/strong> \ud83d\udd04 pour une meilleure circulation de l\u2019air<br data-start=\"634\" data-end=\"637\" \/>\u2705 <strong data-start=\"639\" data-end=\"659\">Taille ajustable<\/strong> \ud83d\udd27 pour un confort sur-mesure<\/p>\n<p data-start=\"693\" data-end=\"836\">\u2728 <strong data-start=\"695\" data-end=\"715\">Personnalisation<\/strong> :<br data-start=\"717\" data-end=\"720\" \/>\ud83d\udd8c\ufe0f <strong data-start=\"724\" data-end=\"745\">Floqu\u00e9e ou brod\u00e9e<\/strong> dans nos ateliers \u00e0 <strong data-start=\"766\" data-end=\"790\">Beaumont-l\u00e8s-Valence<\/strong><br data-start=\"790\" data-end=\"793\" \/>\ud83c\uddeb\ud83c\uddf7 <strong data-start=\"798\" data-end=\"834\" data-is-only-node=\"\">Flocage &amp; broderie made in Dr\u00f4me<\/strong><\/p>\n<p data-start=\"838\" data-end=\"912\">\ud83c\udfaf <strong data-start=\"841\" data-end=\"897\">Flama Horizon, la casquette des sportifs ambitieux !<\/strong><\/p>\n<p>&nbsp;<\/p>\n","protected":false},"excerpt":{"rendered":"<p>\ud83d\udd25 Flama Air Horizon \u2013 L\u2019Alliance du Style et de la Performance \ud83e\udde2 \ud83d\udd25 \u2728 La casquette sportive ultime pour les athl\u00e8tes ! Con\u00e7ue pour ceux qui repoussent leurs limites, Flama Horizon vous offre confort, protection et respirabilit\u00e9 lors de toutes vos aventures en plein air. \ud83e\udde5 Caract\u00e9ristiques :\u2705 Tissu technique l\u00e9ger et respirant \ud83c\udf2c\ufe0f [&hellip;]<\/p>\n","protected":false},"featured_media":6090,"comment_status":"open","ping_status":"closed","template":"","meta":[],"product_brand":[],"product_cat":[252,95],"product_tag":[],"class_list":{"0":"post-6061","1":"product","2":"type-product","3":"status-publish","4":"has-post-thumbnail","6":"product_cat-accessoires","7":"product_cat-homme","9":"first","10":"instock","11":"shipping-taxable","12":"purchasable","13":"product-type-variable","14":"has-default-attributes"},"yoast_head":"<!-- This site is optimized with the Yoast SEO plugin v27.3 - https:\/\/yoast.com\/product\/yoast-seo-wordpress\/ -->\n<title>Casquette homme flama sport<\/title>\n<meta name=\"description\" content=\"Casquette flama sport | 7 Couleurs diff\u00e9rentes | Personnalisation couleur logo possible\" \/>\n<meta name=\"robots\" content=\"index, follow, max-snippet:-1, max-image-preview:large, max-video-preview:-1\" \/>\n<link rel=\"canonical\" href=\"https:\/\/flamasport.fr\/?product=casquette-filet-homme\" \/>\n<meta property=\"og:locale\" content=\"fr_FR\" \/>\n<meta property=\"og:type\" content=\"article\" \/>\n<meta property=\"og:title\" content=\"Casquette homme flama sport\" \/>\n<meta property=\"og:description\" content=\"Casquette flama sport | 7 Couleurs diff\u00e9rentes | Personnalisation couleur logo possible\" \/>\n<meta property=\"og:url\" content=\"https:\/\/flamasport.fr\/?product=casquette-filet-homme\" \/>\n<meta property=\"og:site_name\" content=\"Flama sport\" \/>\n<meta property=\"article:modified_time\" content=\"2025-02-21T21:50:19+00:00\" \/>\n<meta property=\"og:image\" content=\"https:\/\/flamasport.fr\/wp-content\/uploads\/2024\/06\/95-768x768.png\" \/>\n\t<meta property=\"og:image:width\" content=\"768\" \/>\n\t<meta property=\"og:image:height\" content=\"768\" \/>\n\t<meta property=\"og:image:type\" content=\"image\/png\" \/>\n<meta name=\"twitter:card\" content=\"summary_large_image\" \/>\n<meta name=\"twitter:label1\" content=\"Dur\u00e9e de lecture estim\u00e9e\" \/>\n\t<meta name=\"twitter:data1\" content=\"2 minutes\" \/>\n<script type=\"application\/ld+json\" class=\"yoast-schema-graph\">{\"@context\":\"https:\\\/\\\/schema.org\",\"@graph\":[{\"@type\":\"WebPage\",\"@id\":\"https:\\\/\\\/flamasport.fr\\\/?product=casquette-filet-homme\",\"url\":\"https:\\\/\\\/flamasport.fr\\\/?product=casquette-filet-homme\",\"name\":\"Casquette homme flama sport\",\"isPartOf\":{\"@id\":\"https:\\\/\\\/flamasport.fr\\\/#website\"},\"primaryImageOfPage\":{\"@id\":\"https:\\\/\\\/flamasport.fr\\\/?product=casquette-filet-homme#primaryimage\"},\"image\":{\"@id\":\"https:\\\/\\\/flamasport.fr\\\/?product=casquette-filet-homme#primaryimage\"},\"thumbnailUrl\":\"https:\\\/\\\/flamasport.fr\\\/wp-content\\\/uploads\\\/2024\\\/06\\\/95.png\",\"datePublished\":\"2024-06-27T14:11:51+00:00\",\"dateModified\":\"2025-02-21T21:50:19+00:00\",\"description\":\"Casquette flama sport | 7 Couleurs diff\u00e9rentes | Personnalisation couleur logo possible\",\"breadcrumb\":{\"@id\":\"https:\\\/\\\/flamasport.fr\\\/?product=casquette-filet-homme#breadcrumb\"},\"inLanguage\":\"fr-FR\",\"potentialAction\":[{\"@type\":\"ReadAction\",\"target\":[\"https:\\\/\\\/flamasport.fr\\\/?product=casquette-filet-homme\"]}]},{\"@type\":\"ImageObject\",\"inLanguage\":\"fr-FR\",\"@id\":\"https:\\\/\\\/flamasport.fr\\\/?product=casquette-filet-homme#primaryimage\",\"url\":\"https:\\\/\\\/flamasport.fr\\\/wp-content\\\/uploads\\\/2024\\\/06\\\/95.png\",\"contentUrl\":\"https:\\\/\\\/flamasport.fr\\\/wp-content\\\/uploads\\\/2024\\\/06\\\/95.png\",\"width\":1080,\"height\":1080},{\"@type\":\"BreadcrumbList\",\"@id\":\"https:\\\/\\\/flamasport.fr\\\/?product=casquette-filet-homme#breadcrumb\",\"itemListElement\":[{\"@type\":\"ListItem\",\"position\":1,\"name\":\"Accueil\",\"item\":\"https:\\\/\\\/flamasport.fr\\\/\"},{\"@type\":\"ListItem\",\"position\":2,\"name\":\"Flama sport\",\"item\":\"https:\\\/\\\/flamasport.fr\\\/?page_id=1174\"},{\"@type\":\"ListItem\",\"position\":3,\"name\":\"Flama AirHorizon\"}]},{\"@type\":\"WebSite\",\"@id\":\"https:\\\/\\\/flamasport.fr\\\/#website\",\"url\":\"https:\\\/\\\/flamasport.fr\\\/\",\"name\":\"Flama sport\",\"description\":\"Boutique v\u00eatements de sport\",\"publisher\":{\"@id\":\"https:\\\/\\\/flamasport.fr\\\/#organization\"},\"potentialAction\":[{\"@type\":\"SearchAction\",\"target\":{\"@type\":\"EntryPoint\",\"urlTemplate\":\"https:\\\/\\\/flamasport.fr\\\/?s={search_term_string}\"},\"query-input\":{\"@type\":\"PropertyValueSpecification\",\"valueRequired\":true,\"valueName\":\"search_term_string\"}}],\"inLanguage\":\"fr-FR\"},{\"@type\":\"Organization\",\"@id\":\"https:\\\/\\\/flamasport.fr\\\/#organization\",\"name\":\"Flama sport\",\"url\":\"https:\\\/\\\/flamasport.fr\\\/\",\"logo\":{\"@type\":\"ImageObject\",\"inLanguage\":\"fr-FR\",\"@id\":\"https:\\\/\\\/flamasport.fr\\\/#\\\/schema\\\/logo\\\/image\\\/\",\"url\":\"https:\\\/\\\/flamasport.fr\\\/wp-content\\\/uploads\\\/2023\\\/12\\\/cropped-FS-FLA-1.png\",\"contentUrl\":\"https:\\\/\\\/flamasport.fr\\\/wp-content\\\/uploads\\\/2023\\\/12\\\/cropped-FS-FLA-1.png\",\"width\":512,\"height\":512,\"caption\":\"Flama sport\"},\"image\":{\"@id\":\"https:\\\/\\\/flamasport.fr\\\/#\\\/schema\\\/logo\\\/image\\\/\"},\"sameAs\":[\"https:\\\/\\\/www.instagram.com\\\/flamasport_\\\/\"]}]}<\/script>\n<!-- \/ Yoast SEO plugin. -->","yoast_head_json":{"title":"Casquette homme flama sport","description":"Casquette flama sport | 7 Couleurs diff\u00e9rentes | Personnalisation couleur logo possible","robots":{"index":"index","follow":"follow","max-snippet":"max-snippet:-1","max-image-preview":"max-image-preview:large","max-video-preview":"max-video-preview:-1"},"canonical":"https:\/\/flamasport.fr\/?product=casquette-filet-homme","og_locale":"fr_FR","og_type":"article","og_title":"Casquette homme flama sport","og_description":"Casquette flama sport | 7 Couleurs diff\u00e9rentes | Personnalisation couleur logo possible","og_url":"https:\/\/flamasport.fr\/?product=casquette-filet-homme","og_site_name":"Flama sport","article_modified_time":"2025-02-21T21:50:19+00:00","og_image":[{"width":768,"height":768,"url":"https:\/\/flamasport.fr\/wp-content\/uploads\/2024\/06\/95-768x768.png","type":"image\/png"}],"twitter_card":"summary_large_image","twitter_misc":{"Dur\u00e9e de lecture estim\u00e9e":"2 minutes"},"schema":{"@context":"https:\/\/schema.org","@graph":[{"@type":"WebPage","@id":"https:\/\/flamasport.fr\/?product=casquette-filet-homme","url":"https:\/\/flamasport.fr\/?product=casquette-filet-homme","name":"Casquette homme flama sport","isPartOf":{"@id":"https:\/\/flamasport.fr\/#website"},"primaryImageOfPage":{"@id":"https:\/\/flamasport.fr\/?product=casquette-filet-homme#primaryimage"},"image":{"@id":"https:\/\/flamasport.fr\/?product=casquette-filet-homme#primaryimage"},"thumbnailUrl":"https:\/\/flamasport.fr\/wp-content\/uploads\/2024\/06\/95.png","datePublished":"2024-06-27T14:11:51+00:00","dateModified":"2025-02-21T21:50:19+00:00","description":"Casquette flama sport | 7 Couleurs diff\u00e9rentes | Personnalisation couleur logo possible","breadcrumb":{"@id":"https:\/\/flamasport.fr\/?product=casquette-filet-homme#breadcrumb"},"inLanguage":"fr-FR","potentialAction":[{"@type":"ReadAction","target":["https:\/\/flamasport.fr\/?product=casquette-filet-homme"]}]},{"@type":"ImageObject","inLanguage":"fr-FR","@id":"https:\/\/flamasport.fr\/?product=casquette-filet-homme#primaryimage","url":"https:\/\/flamasport.fr\/wp-content\/uploads\/2024\/06\/95.png","contentUrl":"https:\/\/flamasport.fr\/wp-content\/uploads\/2024\/06\/95.png","width":1080,"height":1080},{"@type":"BreadcrumbList","@id":"https:\/\/flamasport.fr\/?product=casquette-filet-homme#breadcrumb","itemListElement":[{"@type":"ListItem","position":1,"name":"Accueil","item":"https:\/\/flamasport.fr\/"},{"@type":"ListItem","position":2,"name":"Flama sport","item":"https:\/\/flamasport.fr\/?page_id=1174"},{"@type":"ListItem","position":3,"name":"Flama AirHorizon"}]},{"@type":"WebSite","@id":"https:\/\/flamasport.fr\/#website","url":"https:\/\/flamasport.fr\/","name":"Flama sport","description":"Boutique v\u00eatements de sport","publisher":{"@id":"https:\/\/flamasport.fr\/#organization"},"potentialAction":[{"@type":"SearchAction","target":{"@type":"EntryPoint","urlTemplate":"https:\/\/flamasport.fr\/?s={search_term_string}"},"query-input":{"@type":"PropertyValueSpecification","valueRequired":true,"valueName":"search_term_string"}}],"inLanguage":"fr-FR"},{"@type":"Organization","@id":"https:\/\/flamasport.fr\/#organization","name":"Flama sport","url":"https:\/\/flamasport.fr\/","logo":{"@type":"ImageObject","inLanguage":"fr-FR","@id":"https:\/\/flamasport.fr\/#\/schema\/logo\/image\/","url":"https:\/\/flamasport.fr\/wp-content\/uploads\/2023\/12\/cropped-FS-FLA-1.png","contentUrl":"https:\/\/flamasport.fr\/wp-content\/uploads\/2023\/12\/cropped-FS-FLA-1.png","width":512,"height":512,"caption":"Flama sport"},"image":{"@id":"https:\/\/flamasport.fr\/#\/schema\/logo\/image\/"},"sameAs":["https:\/\/www.instagram.com\/flamasport_\/"]}]}},"_links":{"self":[{"href":"https:\/\/flamasport.fr\/index.php?rest_route=\/wp\/v2\/product\/6061","targetHints":{"allow":["GET"]}}],"collection":[{"href":"https:\/\/flamasport.fr\/index.php?rest_route=\/wp\/v2\/product"}],"about":[{"href":"https:\/\/flamasport.fr\/index.php?rest_route=\/wp\/v2\/types\/product"}],"replies":[{"embeddable":true,"href":"https:\/\/flamasport.fr\/index.php?rest_route=%2Fwp%2Fv2%2Fcomments&post=6061"}],"version-history":[{"count":5,"href":"https:\/\/flamasport.fr\/index.php?rest_route=\/wp\/v2\/product\/6061\/revisions"}],"predecessor-version":[{"id":7041,"href":"https:\/\/flamasport.fr\/index.php?rest_route=\/wp\/v2\/product\/6061\/revisions\/7041"}],"wp:featuredmedia":[{"embeddable":true,"href":"https:\/\/flamasport.fr\/index.php?rest_route=\/wp\/v2\/media\/6090"}],"wp:attachment":[{"href":"https:\/\/flamasport.fr\/index.php?rest_route=%2Fwp%2Fv2%2Fmedia&parent=6061"}],"wp:term":[{"taxonomy":"product_brand","embeddable":true,"href":"https:\/\/flamasport.fr\/index.php?rest_route=%2Fwp%2Fv2%2Fproduct_brand&post=6061"},{"taxonomy":"product_cat","embeddable":true,"href":"https:\/\/flamasport.fr\/index.php?rest_route=%2Fwp%2Fv2%2Fproduct_cat&post=6061"},{"taxonomy":"product_tag","embeddable":true,"href":"https:\/\/flamasport.fr\/index.php?rest_route=%2Fwp%2Fv2%2Fproduct_tag&post=6061"}],"curies":[{"name":"wp","href":"https:\/\/api.w.org\/{rel}","templated":true}]}}