{"id":8110,"date":"2026-01-26T08:32:27","date_gmt":"2026-01-26T07:32:27","guid":{"rendered":"https:\/\/flamasport.fr\/?post_type=product&#038;p=8110"},"modified":"2026-01-26T08:32:27","modified_gmt":"2026-01-26T07:32:27","slug":"hydracaz-pastilles-hydratation-electrolytes","status":"publish","type":"product","link":"https:\/\/flamasport.fr\/?product=hydracaz-pastilles-hydratation-electrolytes","title":{"rendered":"Hydr\u2019acaz : Pastilles Hydratation \u2013 Electrolytes"},"content":{"rendered":"<p><img fetchpriority=\"high\" decoding=\"async\" class=\"alignnone size-full wp-image-8065\" src=\"https:\/\/flamasport.fr\/wp-content\/uploads\/2026\/01\/pastille-dhydratation-hydracaz-300x300.png.webp\" alt=\"\" width=\"300\" height=\"300\" srcset=\"https:\/\/flamasport.fr\/wp-content\/uploads\/2026\/01\/pastille-dhydratation-hydracaz-300x300.png.webp 300w, https:\/\/flamasport.fr\/wp-content\/uploads\/2026\/01\/pastille-dhydratation-hydracaz-300x300.png-150x150.webp 150w, https:\/\/flamasport.fr\/wp-content\/uploads\/2026\/01\/pastille-dhydratation-hydracaz-300x300.png-100x100.webp 100w\" sizes=\"(max-width: 300px) 100vw, 300px\" \/><\/p>\n<p><strong>HYDR\u2019ACAZ : PASTILLES HYDRATATION \u2013 ELECTROLYTES (20 pastilles \/ tube) :<\/strong><\/p>\n<div class=\"elementor-element elementor-element-d4ff88c elementor-widget elementor-widget-woocommerce-product-short-description\" data-id=\"d4ff88c\" data-element_type=\"widget\" data-widget_type=\"woocommerce-product-short-description.default\">\n<div class=\"elementor-widget-container\">\n<div class=\"woocommerce-product-details__short-description\">\n<ul>\n<li data-start=\"121\" data-end=\"186\">\n<p data-start=\"123\" data-end=\"186\">\ud83d\udca7 Multiplie et booste ton hydratation gr\u00e2ce aux \u00e9lectrolytes<\/p>\n<\/li>\n<li data-start=\"187\" data-end=\"252\">\n<p data-start=\"189\" data-end=\"252\">\u26a1 R\u00e9duit fatigue &amp; crampes (magn\u00e9sium, potassium, vitamine C)<\/p>\n<\/li>\n<li data-start=\"253\" data-end=\"310\">\n<p data-start=\"255\" data-end=\"310\">\ud83c\udf4b Go\u00fbt citron vert exceptionnel, frais &amp; d\u00e9salt\u00e9rant<\/p>\n<\/li>\n<li data-start=\"311\" data-end=\"361\">\n<p data-start=\"313\" data-end=\"361\">\u23f1\ufe0f Dissolution ultra-rapide (1 min) sans d\u00e9p\u00f4t, avec 5X moins de sucre<\/p>\n<\/li>\n<li data-start=\"362\" data-end=\"403\">\n<p data-start=\"364\" data-end=\"403\">\ud83c\udf92 Format pratique \u00e0 emporter partout<\/p>\n<\/li>\n<\/ul>\n<h1 data-start=\"153\" data-end=\"205\">HYDR\u2019ACAZ \u2013 PASTILLES HYDRATATION &amp; \u00c9LECTROLYTES<\/h1>\n<p data-start=\"206\" data-end=\"533\">La solution pratique et gourmande pour une hydratation optimale et des performances au quotidien.<br data-start=\"303\" data-end=\"306\" \/>Avec leur go\u00fbt frais\u00a0<strong data-start=\"327\" data-end=\"355\">citron vert exceptionnel<\/strong>, nos pastilles hydratantes associent \u00e9lectrolytes, vitamines et min\u00e9raux pour r\u00e9tablir l\u2019\u00e9quilibre hydrique de votre organisme et pr\u00e9venir la fatigue li\u00e9e \u00e0 la d\u00e9shydratation.<\/p>\n<hr data-start=\"535\" data-end=\"538\" \/>\n<h2 data-start=\"540\" data-end=\"573\">POURQUOI CHOISIR HYDR\u2019ACAZ ?<\/h2>\n<p data-start=\"575\" data-end=\"1454\">\ud83d\udd39\u00a0<strong data-start=\"578\" data-end=\"603\">Hydratation optimis\u00e9e<\/strong>\u00a0: chaque dose (2 pastilles) apporte sodium, magn\u00e9sium, potassium et vitamine C pour recharger vos r\u00e9serves et compenser les pertes en eau et sels min\u00e9raux.<br data-start=\"759\" data-end=\"762\" \/>\ud83d\udd39\u00a0<strong data-start=\"765\" data-end=\"792\">\u00c9nergie et r\u00e9cup\u00e9ration<\/strong>\u00a0: le magn\u00e9sium et la vitamine C contribuent \u00e0 r\u00e9duire la fatigue et soutiennent le m\u00e9tabolisme \u00e9nerg\u00e9tique.<br data-start=\"900\" data-end=\"903\" \/>\ud83d\udd39\u00a0<strong data-start=\"906\" data-end=\"934\">\u00c9quilibre \u00e9lectrolytique<\/strong>\u00a0: sodium et potassium aident \u00e0 maintenir une fonction musculaire normale et pr\u00e9viennent les crampes.<br data-start=\"1035\" data-end=\"1038\" \/>\ud83d\udd39\u00a0<strong data-start=\"1041\" data-end=\"1069\">Dissolution ultra-rapide<\/strong>\u00a0: pr\u00eate en\u00a0<strong data-start=\"1081\" data-end=\"1101\">moins d\u20191 minute<\/strong>, la pastille se dissout parfaitement sans laisser de d\u00e9p\u00f4t au fond du verre.<br data-start=\"1178\" data-end=\"1181\" \/>\ud83d\udd39\u00a0<strong data-start=\"1184\" data-end=\"1205\">Praticit\u00e9 absolue<\/strong>\u00a0: format tube facile \u00e0 emporter, une pastille = 200 ml d\u2019eau, \u00e0 consommer \u00e0 l\u2019entra\u00eenement, au travail ou en voyage.<br data-start=\"1322\" data-end=\"1325\" \/>\ud83d\udd39\u00a0<strong data-start=\"1328\" data-end=\"1345\">Formule clean<\/strong>\u00a0: fabriqu\u00e9 en Europe, sans OGM, avec un ar\u00f4me naturel citron vert et une faible teneur en sucre (polyols).<\/p>\n<hr data-start=\"1456\" data-end=\"1459\" \/>\n<h2 data-start=\"1461\" data-end=\"1491\">LES BIENFAITS D\u2019HYDR\u2019ACAZ<\/h2>\n<p data-start=\"1493\" data-end=\"2104\">\ud83d\udca7\u00a0<strong data-start=\"1496\" data-end=\"1523\">R\u00e9hydrate en profondeur<\/strong>\u00a0: compense les pertes en eau et min\u00e9raux dues \u00e0 l\u2019effort ou \u00e0 la chaleur.<br data-start=\"1597\" data-end=\"1600\" \/>\u26a1\u00a0<strong data-start=\"1602\" data-end=\"1626\">Am\u00e9liore l\u2019endurance<\/strong>\u00a0: un bon \u00e9quilibre \u00e9lectrolytique permet de maintenir vos performances plus longtemps.<br data-start=\"1713\" data-end=\"1716\" \/>\ud83d\udcaa\u00a0<strong data-start=\"1719\" data-end=\"1754\">Soutient la fonction musculaire<\/strong>\u00a0: potassium et magn\u00e9sium pr\u00e9viennent les crampes et favorisent la r\u00e9cup\u00e9ration.<br data-start=\"1834\" data-end=\"1837\" \/>\ud83c\udf4b\u00a0<strong data-start=\"1840\" data-end=\"1870\">Un go\u00fbt frais exceptionnel<\/strong>\u00a0: citron vert d\u00e9salt\u00e9rant et naturel, sans \u00e9dulcorants agressifs, agr\u00e9able \u00e0 boire au quotidien.<br data-start=\"1967\" data-end=\"1970\" \/>\ud83d\ude80\u00a0<strong data-start=\"1973\" data-end=\"1996\">Exp\u00e9rience parfaite<\/strong>\u00a0: aucune mousse excessive, pas de d\u00e9p\u00f4t, une boisson claire et homog\u00e8ne pr\u00eate \u00e0 boire en 1 minute chrono avec 5X moins de sucre.<\/p>\n<hr data-start=\"2106\" data-end=\"2109\" \/>\n<h2 data-start=\"2111\" data-end=\"2144\">COMMENT UTILISER HYDR\u2019ACAZ ?<\/h2>\n<p data-start=\"2146\" data-end=\"2467\">\ud83d\udd38 Posologie : 2 comprim\u00e9s par jour, \u00e0 diluer dans au moins 200 ml d\u2019eau par pastille.<br data-start=\"2232\" data-end=\"2235\" \/>\ud83d\udd38 Usage : \u00e0 prendre pendant l\u2019entra\u00eenement, apr\u00e8s un effort intense, ou dans toute situation de forte transpiration (chaleur, sauna, voyage).<br data-start=\"2377\" data-end=\"2380\" \/>\ud83d\udd38 Format : tube pratique \u00e0 emporter, 20 pastilles par tube (10 jours d\u2019utilisation).<\/p>\n<hr data-start=\"2469\" data-end=\"2472\" \/>\n<h2 data-start=\"2474\" data-end=\"2499\">POUR QUELS BESOINS ?<\/h2>\n<ul data-start=\"2501\" data-end=\"2751\">\n<li data-start=\"2501\" data-end=\"2583\">\n<p data-start=\"2503\" data-end=\"2583\">Sportifs cherchant \u00e0 am\u00e9liorer leur hydratation et pr\u00e9venir les crampes \ud83c\udfcb\ufe0f\u200d\u2640\ufe0f<\/p>\n<\/li>\n<li data-start=\"2584\" data-end=\"2657\">\n<p data-start=\"2586\" data-end=\"2657\">Personnes actives expos\u00e9es \u00e0 la chaleur ou \u00e0 des journ\u00e9es intenses \u2600\ufe0f<\/p>\n<\/li>\n<li data-start=\"2658\" data-end=\"2751\">\n<p data-start=\"2660\" data-end=\"2751\">Ceux qui veulent une alternative saine et pratique aux boissons \u00e9nerg\u00e9tiques sucr\u00e9es \ud83d\udeab\ud83e\udd64<\/p>\n<\/li>\n<\/ul>\n<hr data-start=\"3325\" data-end=\"3328\" \/>\n<h2 data-start=\"3330\" data-end=\"3369\">POURQUOI CHOISIR HYDR\u2019ACAZ A\u2019CAZ ?<\/h2>\n<p data-start=\"3371\" data-end=\"3720\">\u2714\ufe0f\u00a0<strong data-start=\"3374\" data-end=\"3402\">Formule clean &amp; efficace<\/strong>\u00a0: sans OGM, sans exc\u00e8s de sucre, avec un ar\u00f4me naturel.<br data-start=\"3458\" data-end=\"3461\" \/>\u2714\ufe0f\u00a0<strong data-start=\"3464\" data-end=\"3486\">Fabriqu\u00e9 en Europe<\/strong>, distribu\u00e9 par une entreprise fran\u00e7aise.<br data-start=\"3527\" data-end=\"3530\" \/>\u2714\ufe0f\u00a0<strong data-start=\"3533\" data-end=\"3567\">Adapt\u00e9 au sport &amp; au quotidien<\/strong>, facile \u00e0 transporter et \u00e0 doser.<br data-start=\"3601\" data-end=\"3604\" \/>\u2714\ufe0f\u00a0<strong data-start=\"3607\" data-end=\"3628\">Exp\u00e9rience unique<\/strong>\u00a0: dissolution en 1 minute, boisson claire sans d\u00e9p\u00f4t et un go\u00fbt citron vert exceptionnel.<\/p>\n<hr data-start=\"4052\" data-end=\"4055\" \/>\n<p data-start=\"4057\" data-end=\"4350\">\u2728\u00a0<strong data-start=\"4059\" data-end=\"4076\">En conclusion<\/strong>\u00a0:<br data-start=\"4078\" data-end=\"4081\" \/><strong data-start=\"4081\" data-end=\"4095\">Hydr\u2019A\u2019caz<\/strong>\u00a0est bien plus qu\u2019une simple pastille d\u2019hydratation. C\u2019est l\u2019alli\u00e9 id\u00e9al pour toutes celles et ceux qui veulent performer, r\u00e9cup\u00e9rer et rester en forme, tout en profitant d\u2019un format pratique, d\u2019une dissolution parfaite et d\u2019un go\u00fbt citron exceptionnel.<\/p>\n<\/div>\n<h3>Quand et comment consommer les pastilles d\u2019hydratations (\u00e9lectrolytes) : hydr\u2019acaz ?<\/h3>\n<p data-start=\"178\" data-end=\"194\">\ud83d\udca7\u00a0<strong data-start=\"181\" data-end=\"192\">Quand ?<\/strong><\/p>\n<ul data-start=\"195\" data-end=\"456\">\n<li data-start=\"195\" data-end=\"281\">\n<p data-start=\"197\" data-end=\"281\">Pendant l\u2019entra\u00eenement ou une comp\u00e9tition pour maintenir une hydratation optimale.<\/p>\n<\/li>\n<li data-start=\"282\" data-end=\"364\">\n<p data-start=\"284\" data-end=\"364\">Apr\u00e8s un effort physique pour compenser les pertes en eau et en sels min\u00e9raux.<\/p>\n<\/li>\n<li data-start=\"365\" data-end=\"456\">\n<p data-start=\"367\" data-end=\"456\">En p\u00e9riode de forte chaleur, de transpiration importante ou lors de longs d\u00e9placements.<\/p>\n<\/li>\n<\/ul>\n<p data-start=\"458\" data-end=\"475\">\u26a1\u00a0<strong data-start=\"460\" data-end=\"473\">Comment ?<\/strong><\/p>\n<ul data-start=\"476\" data-end=\"804\">\n<li data-start=\"476\" data-end=\"531\">\n<p data-start=\"478\" data-end=\"531\">Diluez\u00a0<strong data-start=\"485\" data-end=\"528\">1 pastille Hydr\u2019A\u2019caz dans 200 ml d\u2019eau<\/strong>.<\/p>\n<\/li>\n<li data-start=\"532\" data-end=\"610\">\n<p data-start=\"534\" data-end=\"610\">Prenez\u00a0<strong data-start=\"541\" data-end=\"573\">2 pastilles par jour maximum<\/strong>\u00a0(soit 400 ml de boisson enrichie).<\/p>\n<\/li>\n<li data-start=\"611\" data-end=\"706\">\n<p data-start=\"613\" data-end=\"706\">Attendez environ\u00a0<strong data-start=\"630\" data-end=\"642\">1 minute<\/strong>\u00a0: la pastille se dissout rapidement et ne laisse aucun d\u00e9p\u00f4t.<\/p>\n<\/li>\n<li data-start=\"707\" data-end=\"804\">\n<p data-start=\"709\" data-end=\"804\">Consommez imm\u00e9diatement pour profiter d\u2019une boisson fra\u00eeche au go\u00fbt citron vert exceptionnel.<\/p>\n<\/li>\n<\/ul>\n<h3 data-start=\"2758\" data-end=\"2786\">INGREDIENTS D\u2019HYDR\u2019ACAZ :<\/h3>\n<p data-start=\"2788\" data-end=\"2841\"><strong data-start=\"2788\" data-end=\"2839\">Pour 2 comprim\u00e9s (1 dose journali\u00e8re \u2013 4318 mg) :\u00a0<\/strong>bicarbonate de sodium (600 mg), vitamine C \u2013 acide L-ascorbique (80 mg, 100 % AJR), gluconate de magn\u00e9sium (60 mg, 16 % AJR), chlorure de potassium et bicarbonate de potassium (15 mg, 15 % AJR), glucose, acide citrique, sorbitol, ar\u00f4me naturel citron vert, acide malique, riboflavine.<\/p>\n<p data-start=\"3156\" data-end=\"3202\"><strong data-start=\"3156\" data-end=\"3200\">Valeurs nutritionnelles pour 2 pastilles<\/strong><\/p>\n<ul data-start=\"3203\" data-end=\"3323\">\n<li data-start=\"3203\" data-end=\"3231\">\n<p data-start=\"3205\" data-end=\"3231\">\u00c9nergie : 26 kJ \/ 6 kcal<\/p>\n<\/li>\n<li data-start=\"3232\" data-end=\"3288\">\n<p data-start=\"3234\" data-end=\"3288\">Glucides : 2g dont sucres 1g (dont polyols 1g)<\/p>\n<\/li>\n<li data-start=\"3289\" data-end=\"3308\">\n<p data-start=\"3291\" data-end=\"3308\">Prot\u00e9ines : 0 g<\/p>\n<\/li>\n<li data-start=\"3309\" data-end=\"3323\">\n<p data-start=\"3311\" data-end=\"3323\">Sel : 15 g<\/p>\n<\/li>\n<\/ul>\n<hr data-start=\"3722\" data-end=\"3725\" \/>\n<h3 data-start=\"3727\" data-end=\"3746\">AVERTISSEMENTS<\/h3>\n<p data-start=\"3748\" data-end=\"4050\">Ce produit est un compl\u00e9ment alimentaire et ne remplace pas une alimentation \u00e9quilibr\u00e9e et vari\u00e9e.<br data-start=\"3846\" data-end=\"3849\" \/>D\u00e9conseill\u00e9 aux femmes enceintes ou allaitantes. Ne pas d\u00e9passer la dose journali\u00e8re recommand\u00e9e.<br data-start=\"3946\" data-end=\"3949\" \/>Tenir hors de port\u00e9e des enfants. \u00c0 conserver dans un endroit sec, frais et \u00e0 l\u2019abri de la lumi\u00e8re.<\/p>\n<p data-start=\"3748\" data-end=\"4050\">Poids net : 86g (20 pastilles)<\/p>\n<\/div>\n<\/div>\n<p>&nbsp;<\/p>\n","protected":false},"excerpt":{"rendered":"<p>HYDR\u2019ACAZ : PASTILLES HYDRATATION \u2013 ELECTROLYTES (20 pastilles \/ tube) : \ud83d\udca7 Multiplie et booste ton hydratation gr\u00e2ce aux \u00e9lectrolytes \u26a1 R\u00e9duit fatigue &amp; crampes (magn\u00e9sium, potassium, vitamine C) \ud83c\udf4b Go\u00fbt citron vert exceptionnel, frais &amp; d\u00e9salt\u00e9rant \u23f1\ufe0f Dissolution ultra-rapide (1 min) sans d\u00e9p\u00f4t, avec 5X moins de sucre \ud83c\udf92 Format pratique \u00e0 emporter partout [&hellip;]<\/p>\n","protected":false},"featured_media":8065,"comment_status":"open","ping_status":"closed","template":"","meta":[],"product_brand":[],"product_cat":[373,371,375],"product_tag":[],"class_list":{"0":"post-8110","1":"product","2":"type-product","3":"status-publish","4":"has-post-thumbnail","6":"product_cat-best-sellers","7":"product_cat-boutique","8":"product_cat--nutrition","10":"first","11":"instock","12":"sale","13":"shipping-taxable","14":"purchasable","15":"product-type-simple"},"yoast_head":"<!-- This site is optimized with the Yoast SEO plugin v27.3 - https:\/\/yoast.com\/product\/yoast-seo-wordpress\/ -->\n<title>Hydr\u2019acaz : Pastilles Hydratation \u2013 Electrolytes - Flama sport<\/title>\n<meta name=\"robots\" content=\"index, follow, max-snippet:-1, max-image-preview:large, max-video-preview:-1\" \/>\n<link rel=\"canonical\" href=\"https:\/\/flamasport.fr\/?product=hydracaz-pastilles-hydratation-electrolytes\" \/>\n<meta property=\"og:locale\" content=\"fr_FR\" \/>\n<meta property=\"og:type\" content=\"article\" \/>\n<meta property=\"og:title\" content=\"Hydr\u2019acaz : Pastilles Hydratation \u2013 Electrolytes - Flama sport\" \/>\n<meta property=\"og:description\" content=\"HYDR\u2019ACAZ : PASTILLES HYDRATATION \u2013 ELECTROLYTES (20 pastilles \/ tube) : \ud83d\udca7 Multiplie et booste ton hydratation gr\u00e2ce aux \u00e9lectrolytes \u26a1 R\u00e9duit fatigue &amp; crampes (magn\u00e9sium, potassium, vitamine C) \ud83c\udf4b Go\u00fbt citron vert exceptionnel, frais &amp; d\u00e9salt\u00e9rant \u23f1\ufe0f Dissolution ultra-rapide (1 min) sans d\u00e9p\u00f4t, avec 5X moins de sucre \ud83c\udf92 Format pratique \u00e0 emporter partout [&hellip;]\" \/>\n<meta property=\"og:url\" content=\"https:\/\/flamasport.fr\/?product=hydracaz-pastilles-hydratation-electrolytes\" \/>\n<meta property=\"og:site_name\" content=\"Flama sport\" \/>\n<meta property=\"og:image\" content=\"https:\/\/flamasport.fr\/wp-content\/uploads\/2026\/01\/pastille-dhydratation-hydracaz-300x300.png.webp\" \/>\n\t<meta property=\"og:image:width\" content=\"300\" \/>\n\t<meta property=\"og:image:height\" content=\"300\" \/>\n\t<meta property=\"og:image:type\" content=\"image\/webp\" \/>\n<meta name=\"twitter:card\" content=\"summary_large_image\" \/>\n<meta name=\"twitter:label1\" content=\"Dur\u00e9e de lecture estim\u00e9e\" \/>\n\t<meta name=\"twitter:data1\" content=\"5 minutes\" \/>\n<script type=\"application\/ld+json\" class=\"yoast-schema-graph\">{\"@context\":\"https:\\\/\\\/schema.org\",\"@graph\":[{\"@type\":\"WebPage\",\"@id\":\"https:\\\/\\\/flamasport.fr\\\/?product=hydracaz-pastilles-hydratation-electrolytes\",\"url\":\"https:\\\/\\\/flamasport.fr\\\/?product=hydracaz-pastilles-hydratation-electrolytes\",\"name\":\"Hydr\u2019acaz : Pastilles Hydratation \u2013 Electrolytes - Flama sport\",\"isPartOf\":{\"@id\":\"https:\\\/\\\/flamasport.fr\\\/#website\"},\"primaryImageOfPage\":{\"@id\":\"https:\\\/\\\/flamasport.fr\\\/?product=hydracaz-pastilles-hydratation-electrolytes#primaryimage\"},\"image\":{\"@id\":\"https:\\\/\\\/flamasport.fr\\\/?product=hydracaz-pastilles-hydratation-electrolytes#primaryimage\"},\"thumbnailUrl\":\"https:\\\/\\\/flamasport.fr\\\/wp-content\\\/uploads\\\/2026\\\/01\\\/pastille-dhydratation-hydracaz-300x300.png.webp\",\"datePublished\":\"2026-01-26T07:32:27+00:00\",\"breadcrumb\":{\"@id\":\"https:\\\/\\\/flamasport.fr\\\/?product=hydracaz-pastilles-hydratation-electrolytes#breadcrumb\"},\"inLanguage\":\"fr-FR\",\"potentialAction\":[{\"@type\":\"ReadAction\",\"target\":[\"https:\\\/\\\/flamasport.fr\\\/?product=hydracaz-pastilles-hydratation-electrolytes\"]}]},{\"@type\":\"ImageObject\",\"inLanguage\":\"fr-FR\",\"@id\":\"https:\\\/\\\/flamasport.fr\\\/?product=hydracaz-pastilles-hydratation-electrolytes#primaryimage\",\"url\":\"https:\\\/\\\/flamasport.fr\\\/wp-content\\\/uploads\\\/2026\\\/01\\\/pastille-dhydratation-hydracaz-300x300.png.webp\",\"contentUrl\":\"https:\\\/\\\/flamasport.fr\\\/wp-content\\\/uploads\\\/2026\\\/01\\\/pastille-dhydratation-hydracaz-300x300.png.webp\",\"width\":300,\"height\":300},{\"@type\":\"BreadcrumbList\",\"@id\":\"https:\\\/\\\/flamasport.fr\\\/?product=hydracaz-pastilles-hydratation-electrolytes#breadcrumb\",\"itemListElement\":[{\"@type\":\"ListItem\",\"position\":1,\"name\":\"Accueil\",\"item\":\"https:\\\/\\\/flamasport.fr\\\/\"},{\"@type\":\"ListItem\",\"position\":2,\"name\":\"Flama sport\",\"item\":\"https:\\\/\\\/flamasport.fr\\\/?page_id=1174\"},{\"@type\":\"ListItem\",\"position\":3,\"name\":\"Hydr\u2019acaz : Pastilles Hydratation \u2013 Electrolytes\"}]},{\"@type\":\"WebSite\",\"@id\":\"https:\\\/\\\/flamasport.fr\\\/#website\",\"url\":\"https:\\\/\\\/flamasport.fr\\\/\",\"name\":\"Flama sport\",\"description\":\"Boutique v\u00eatements de sport\",\"publisher\":{\"@id\":\"https:\\\/\\\/flamasport.fr\\\/#organization\"},\"potentialAction\":[{\"@type\":\"SearchAction\",\"target\":{\"@type\":\"EntryPoint\",\"urlTemplate\":\"https:\\\/\\\/flamasport.fr\\\/?s={search_term_string}\"},\"query-input\":{\"@type\":\"PropertyValueSpecification\",\"valueRequired\":true,\"valueName\":\"search_term_string\"}}],\"inLanguage\":\"fr-FR\"},{\"@type\":\"Organization\",\"@id\":\"https:\\\/\\\/flamasport.fr\\\/#organization\",\"name\":\"Flama sport\",\"url\":\"https:\\\/\\\/flamasport.fr\\\/\",\"logo\":{\"@type\":\"ImageObject\",\"inLanguage\":\"fr-FR\",\"@id\":\"https:\\\/\\\/flamasport.fr\\\/#\\\/schema\\\/logo\\\/image\\\/\",\"url\":\"https:\\\/\\\/flamasport.fr\\\/wp-content\\\/uploads\\\/2023\\\/12\\\/cropped-FS-FLA-1.png\",\"contentUrl\":\"https:\\\/\\\/flamasport.fr\\\/wp-content\\\/uploads\\\/2023\\\/12\\\/cropped-FS-FLA-1.png\",\"width\":512,\"height\":512,\"caption\":\"Flama sport\"},\"image\":{\"@id\":\"https:\\\/\\\/flamasport.fr\\\/#\\\/schema\\\/logo\\\/image\\\/\"},\"sameAs\":[\"https:\\\/\\\/www.instagram.com\\\/flamasport_\\\/\"]}]}<\/script>\n<!-- \/ Yoast SEO plugin. -->","yoast_head_json":{"title":"Hydr\u2019acaz : Pastilles Hydratation \u2013 Electrolytes - Flama sport","robots":{"index":"index","follow":"follow","max-snippet":"max-snippet:-1","max-image-preview":"max-image-preview:large","max-video-preview":"max-video-preview:-1"},"canonical":"https:\/\/flamasport.fr\/?product=hydracaz-pastilles-hydratation-electrolytes","og_locale":"fr_FR","og_type":"article","og_title":"Hydr\u2019acaz : Pastilles Hydratation \u2013 Electrolytes - Flama sport","og_description":"HYDR\u2019ACAZ : PASTILLES HYDRATATION \u2013 ELECTROLYTES (20 pastilles \/ tube) : \ud83d\udca7 Multiplie et booste ton hydratation gr\u00e2ce aux \u00e9lectrolytes \u26a1 R\u00e9duit fatigue &amp; crampes (magn\u00e9sium, potassium, vitamine C) \ud83c\udf4b Go\u00fbt citron vert exceptionnel, frais &amp; d\u00e9salt\u00e9rant \u23f1\ufe0f Dissolution ultra-rapide (1 min) sans d\u00e9p\u00f4t, avec 5X moins de sucre \ud83c\udf92 Format pratique \u00e0 emporter partout [&hellip;]","og_url":"https:\/\/flamasport.fr\/?product=hydracaz-pastilles-hydratation-electrolytes","og_site_name":"Flama sport","og_image":[{"width":300,"height":300,"url":"https:\/\/flamasport.fr\/wp-content\/uploads\/2026\/01\/pastille-dhydratation-hydracaz-300x300.png.webp","type":"image\/webp"}],"twitter_card":"summary_large_image","twitter_misc":{"Dur\u00e9e de lecture estim\u00e9e":"5 minutes"},"schema":{"@context":"https:\/\/schema.org","@graph":[{"@type":"WebPage","@id":"https:\/\/flamasport.fr\/?product=hydracaz-pastilles-hydratation-electrolytes","url":"https:\/\/flamasport.fr\/?product=hydracaz-pastilles-hydratation-electrolytes","name":"Hydr\u2019acaz : Pastilles Hydratation \u2013 Electrolytes - Flama sport","isPartOf":{"@id":"https:\/\/flamasport.fr\/#website"},"primaryImageOfPage":{"@id":"https:\/\/flamasport.fr\/?product=hydracaz-pastilles-hydratation-electrolytes#primaryimage"},"image":{"@id":"https:\/\/flamasport.fr\/?product=hydracaz-pastilles-hydratation-electrolytes#primaryimage"},"thumbnailUrl":"https:\/\/flamasport.fr\/wp-content\/uploads\/2026\/01\/pastille-dhydratation-hydracaz-300x300.png.webp","datePublished":"2026-01-26T07:32:27+00:00","breadcrumb":{"@id":"https:\/\/flamasport.fr\/?product=hydracaz-pastilles-hydratation-electrolytes#breadcrumb"},"inLanguage":"fr-FR","potentialAction":[{"@type":"ReadAction","target":["https:\/\/flamasport.fr\/?product=hydracaz-pastilles-hydratation-electrolytes"]}]},{"@type":"ImageObject","inLanguage":"fr-FR","@id":"https:\/\/flamasport.fr\/?product=hydracaz-pastilles-hydratation-electrolytes#primaryimage","url":"https:\/\/flamasport.fr\/wp-content\/uploads\/2026\/01\/pastille-dhydratation-hydracaz-300x300.png.webp","contentUrl":"https:\/\/flamasport.fr\/wp-content\/uploads\/2026\/01\/pastille-dhydratation-hydracaz-300x300.png.webp","width":300,"height":300},{"@type":"BreadcrumbList","@id":"https:\/\/flamasport.fr\/?product=hydracaz-pastilles-hydratation-electrolytes#breadcrumb","itemListElement":[{"@type":"ListItem","position":1,"name":"Accueil","item":"https:\/\/flamasport.fr\/"},{"@type":"ListItem","position":2,"name":"Flama sport","item":"https:\/\/flamasport.fr\/?page_id=1174"},{"@type":"ListItem","position":3,"name":"Hydr\u2019acaz : Pastilles Hydratation \u2013 Electrolytes"}]},{"@type":"WebSite","@id":"https:\/\/flamasport.fr\/#website","url":"https:\/\/flamasport.fr\/","name":"Flama sport","description":"Boutique v\u00eatements de sport","publisher":{"@id":"https:\/\/flamasport.fr\/#organization"},"potentialAction":[{"@type":"SearchAction","target":{"@type":"EntryPoint","urlTemplate":"https:\/\/flamasport.fr\/?s={search_term_string}"},"query-input":{"@type":"PropertyValueSpecification","valueRequired":true,"valueName":"search_term_string"}}],"inLanguage":"fr-FR"},{"@type":"Organization","@id":"https:\/\/flamasport.fr\/#organization","name":"Flama sport","url":"https:\/\/flamasport.fr\/","logo":{"@type":"ImageObject","inLanguage":"fr-FR","@id":"https:\/\/flamasport.fr\/#\/schema\/logo\/image\/","url":"https:\/\/flamasport.fr\/wp-content\/uploads\/2023\/12\/cropped-FS-FLA-1.png","contentUrl":"https:\/\/flamasport.fr\/wp-content\/uploads\/2023\/12\/cropped-FS-FLA-1.png","width":512,"height":512,"caption":"Flama sport"},"image":{"@id":"https:\/\/flamasport.fr\/#\/schema\/logo\/image\/"},"sameAs":["https:\/\/www.instagram.com\/flamasport_\/"]}]}},"_links":{"self":[{"href":"https:\/\/flamasport.fr\/index.php?rest_route=\/wp\/v2\/product\/8110","targetHints":{"allow":["GET"]}}],"collection":[{"href":"https:\/\/flamasport.fr\/index.php?rest_route=\/wp\/v2\/product"}],"about":[{"href":"https:\/\/flamasport.fr\/index.php?rest_route=\/wp\/v2\/types\/product"}],"replies":[{"embeddable":true,"href":"https:\/\/flamasport.fr\/index.php?rest_route=%2Fwp%2Fv2%2Fcomments&post=8110"}],"version-history":[{"count":1,"href":"https:\/\/flamasport.fr\/index.php?rest_route=\/wp\/v2\/product\/8110\/revisions"}],"predecessor-version":[{"id":8111,"href":"https:\/\/flamasport.fr\/index.php?rest_route=\/wp\/v2\/product\/8110\/revisions\/8111"}],"wp:featuredmedia":[{"embeddable":true,"href":"https:\/\/flamasport.fr\/index.php?rest_route=\/wp\/v2\/media\/8065"}],"wp:attachment":[{"href":"https:\/\/flamasport.fr\/index.php?rest_route=%2Fwp%2Fv2%2Fmedia&parent=8110"}],"wp:term":[{"taxonomy":"product_brand","embeddable":true,"href":"https:\/\/flamasport.fr\/index.php?rest_route=%2Fwp%2Fv2%2Fproduct_brand&post=8110"},{"taxonomy":"product_cat","embeddable":true,"href":"https:\/\/flamasport.fr\/index.php?rest_route=%2Fwp%2Fv2%2Fproduct_cat&post=8110"},{"taxonomy":"product_tag","embeddable":true,"href":"https:\/\/flamasport.fr\/index.php?rest_route=%2Fwp%2Fv2%2Fproduct_tag&post=8110"}],"curies":[{"name":"wp","href":"https:\/\/api.w.org\/{rel}","templated":true}]}}